{"id":358,"date":"2023-08-21T12:56:57","date_gmt":"2023-08-21T10:56:57","guid":{"rendered":"https:\/\/payfor.travel\/?page_id=358"},"modified":"2025-11-14T15:08:14","modified_gmt":"2025-11-14T14:08:14","slug":"dofinansowanie","status":"publish","type":"page","link":"https:\/\/payfor.travel\/it\/dofinansowanie\/","title":{"rendered":"Finanziamento"},"content":{"rendered":"<p><strong>TRIPSO AI &#8211; Program Akceleracyjny \u201eStartup Booster for Social Impact\u201d\u00a0<\/strong><\/p>\n\n\n\n<p><strong>TRIPSO sp. z o.o. bierze udzia\u0142 w programie akceleracji a&nbsp; przedmiot Umowy jest realizowany w ramach projektu \u201eUniwersytet SWPS \u2013 Startup Booster for Social Impact\u201d o numerze FENG.02.28-IP.02-0003\/23,<\/strong> wsp\u00f3\u0142finansowanego przez Polsk\u0105 Agencj\u0119 Rozwoju Przedsi\u0119biorczo\u015bci w ramach programu Fundusze Europejskie dla Nowoczesnej Gospodarki na lata 2021-2027.<\/p>\n\n\n\n<p><strong>Kwota dofinansowania z UE: 380 999 zl<\/strong><\/p>\n\n\n\n<p><strong>Umowa nr 10\/1\/Booster\/2025 o powierzenie grantu<\/strong><\/p>\n\n\n\n<p>w ramach Programu akceleracyjnego \u201eStartup Booster for Social Impact\u201d Uniwersytetu\nSWPS, finansowanego ze \u015brodk\u00f3w Programu Operacyjnego Fundusze Europejskie dla\nNowoczesnej Gospodarki 2021-2027, dzia\u0142anie 2.28 \u201eStartup Booster Poland \u2013 Smart Up\u201d,<\/p>\n\n\n\n<p>2 Priorytet \u201e\u015arodowisko sprzyjaj\u0105ce innowacjom\u201d,<\/p>\n\n\n\n<p>\u015bcie\u017cka inwestorska<\/p>\n\n\n\n<p><strong>Tytu\u0142: Projekt: TRIPSO AI\u00a0 Celem akceleracji jest \u015bcie\u017cka inwestorska VC. Rezultaty projektu: Panel administracyjny z widget i integracjami. Grupy docelowe: firmy turystyczne (wsparcie hoteli, biur podr\u00f3\u017cy w obs\u0142udze klient\u00f3w i rezerwacji).<\/strong><\/p>\n\n\n\n<figure class=\"wp-block-image size-full\"><img fetchpriority=\"high\" decoding=\"async\" width=\"941\" height=\"126\" src=\"https:\/\/payfor.travel\/wp-content\/uploads\/2025\/11\/image-2.png\" alt=\"\" class=\"wp-image-2343\" srcset=\"https:\/\/payfor.travel\/wp-content\/uploads\/2025\/11\/image-2.png 941w, https:\/\/payfor.travel\/wp-content\/uploads\/2025\/11\/image-2-300x40.png 300w, https:\/\/payfor.travel\/wp-content\/uploads\/2025\/11\/image-2-768x103.png 768w, https:\/\/payfor.travel\/wp-content\/uploads\/2025\/11\/image-2-18x2.png 18w, https:\/\/payfor.travel\/wp-content\/uploads\/2025\/11\/image-2-24x3.png 24w, https:\/\/payfor.travel\/wp-content\/uploads\/2025\/11\/image-2-36x5.png 36w, https:\/\/payfor.travel\/wp-content\/uploads\/2025\/11\/image-2-48x6.png 48w\" sizes=\"(max-width: 941px) 100vw, 941px\" \/><\/figure>\n\n\n\n<p><\/p>\n\n\n<h2>Finanziamento<\/h2>\n<h5>Finanziato nell'ambito della sottomisura 1.1.2 del PSR Sviluppo di start-up nella Polonia Orientale<\/h5>\n<article>PayFor sp. z o.o. realizuje projekt dofinansowany z Funduszy Europejskich.&#8221;PayFor.travel oprogramowanie i aplikacja fintech dla bran\u017cy turystycznej. Automatyzuj\u0105ca i integruj\u0105ca mi\u0119dzynarodowe procesy p\u0142atno\u015bci i rozliczenia mi\u0119dzy uczestnikami rynku turystycznego.&#8221;Celem projektu PAYFOR.travel jest wprowadzenie na rynek krajowy i zagraniczny innowacji produktowej: PAYFOR.travel platforma fintech dla bran\u017cy turystycznej automatyzuj\u0105cej i integruj\u0105cej mi\u0119dzynarodowe procesy p\u0142atno\u015bci i rozliczenia mi\u0119dzy uczestnikami rynku turystycznego w szczeg\u00f3lno\u015bci touroperatorami, hotelami, po\u015brednikami sprzeda\u017cy, agentami turystycznymi, kana\u0142ami dystrybucji, a p\u0142atno\u015bciami otrzymywanymi od B2C (tury\u015bci) a B2B (firmy).\n<p><strong>Il finanziamento dell'UE per il progetto:<\/strong> PLN 972 553,50<\/p>\n<p><strong>Valore del progetto:<\/strong> 1 148 527,00 PLN<\/p>\n<\/article>\n<h4>\u00a0<\/h4>\n\n<article><\/article>\n<p><img decoding=\"async\" src=\"https:\/\/payfor.travel\/wp-content\/uploads\/2023\/10\/fe-logo.jpg\" sizes=\"(max-width: 221px) 100vw, 221px\" srcset=\"https:\/\/payfor.travel\/wp-content\/uploads\/2023\/10\/fe-logo.jpg 221w, https:\/\/payfor.travel\/wp-content\/uploads\/2023\/10\/fe-logo-24x11.jpg 24w, https:\/\/payfor.travel\/wp-content\/uploads\/2023\/10\/fe-logo-36x16.jpg 36w, https:\/\/payfor.travel\/wp-content\/uploads\/2023\/10\/fe-logo-48x22.jpg 48w\" alt=\"\" width=\"221\" height=\"100\" \/> <img decoding=\"async\" src=\"https:\/\/payfor.travel\/wp-content\/uploads\/2023\/08\/rp-logo.jpeg\" sizes=\"(max-width: 316px) 100vw, 316px\" srcset=\"https:\/\/payfor.travel\/wp-content\/uploads\/2023\/08\/rp-logo.jpeg 316w, https:\/\/payfor.travel\/wp-content\/uploads\/2023\/08\/rp-logo-300x95.jpeg 300w, https:\/\/payfor.travel\/wp-content\/uploads\/2023\/08\/rp-logo-24x8.jpeg 24w, https:\/\/payfor.travel\/wp-content\/uploads\/2023\/08\/rp-logo-36x11.jpeg 36w, https:\/\/payfor.travel\/wp-content\/uploads\/2023\/08\/rp-logo-48x15.jpeg 48w\" alt=\"\" width=\"316\" height=\"100\" \/><img loading=\"lazy\" decoding=\"async\" src=\"https:\/\/payfor.travel\/wp-content\/uploads\/2023\/08\/parp-grupa-pfr-logo.jpeg\" sizes=\"(max-width: 214px) 100vw, 214px\" srcset=\"https:\/\/payfor.travel\/wp-content\/uploads\/2023\/08\/parp-grupa-pfr-logo.jpeg 214w, https:\/\/payfor.travel\/wp-content\/uploads\/2023\/08\/parp-grupa-pfr-logo-24x11.jpeg 24w, https:\/\/payfor.travel\/wp-content\/uploads\/2023\/08\/parp-grupa-pfr-logo-36x17.jpeg 36w, https:\/\/payfor.travel\/wp-content\/uploads\/2023\/08\/parp-grupa-pfr-logo-48x22.jpeg 48w\" alt=\"\" width=\"214\" height=\"100\" \/><img loading=\"lazy\" decoding=\"async\" src=\"https:\/\/payfor.travel\/wp-content\/uploads\/2023\/08\/ue-logo.jpeg\" sizes=\"(max-width: 319px) 100vw, 319px\" srcset=\"https:\/\/payfor.travel\/wp-content\/uploads\/2023\/08\/ue-logo.jpeg 319w, https:\/\/payfor.travel\/wp-content\/uploads\/2023\/08\/ue-logo-300x94.jpeg 300w, https:\/\/payfor.travel\/wp-content\/uploads\/2023\/08\/ue-logo-24x8.jpeg 24w, https:\/\/payfor.travel\/wp-content\/uploads\/2023\/08\/ue-logo-36x11.jpeg 36w, https:\/\/payfor.travel\/wp-content\/uploads\/2023\/08\/ue-logo-48x15.jpeg 48w\" alt=\"\" width=\"319\" height=\"100\" \/><\/p>\n<p><iframe style=\"border: none; overflow: hidden;\" src=\"https:\/\/www.facebook.com\/plugins\/post.php?href=https%3A%2F%2Fwww.facebook.com%2Fpermalink.php%3Fstory_fbid%3Dpfbid0GEUNjpToQXc6TXH6SmR7wQwtYyYANL9F3VNBLnv4Fjs4N2URCN9Kncy7FiiaiJBpl%26id%3D61563044864156&amp;show_text=true&amp;width=500\" width=\"500\" height=\"250\" frameborder=\"0\" scrolling=\"no\" allowfullscreen=\"allowfullscreen\"><\/iframe><\/p>\n\n\n<p><\/p>","protected":false},"excerpt":{"rendered":"<p>TRIPSO AI &#8211; Program Akceleracyjny \u201eStartup Booster for Social Impact\u201d\u00a0 TRIPSO sp. z o.o. bierze udzia\u0142 w programie akceleracji a&nbsp; przedmiot Umowy jest realizowany w ramach projektu \u201eUniwersytet SWPS \u2013 Startup Booster for Social Impact\u201d o numerze FENG.02.28-IP.02-0003\/23, wsp\u00f3\u0142finansowanego przez Polsk\u0105 Agencj\u0119 Rozwoju Przedsi\u0119biorczo\u015bci w ramach programu Fundusze Europejskie dla Nowoczesnej Gospodarki na lata 2021-2027. [&hellip;]<\/p>","protected":false},"author":1,"featured_media":0,"parent":0,"menu_order":0,"comment_status":"closed","ping_status":"closed","template":"","meta":{"content-type":"","site-sidebar-layout":"no-sidebar","site-content-layout":"page-builder","ast-site-content-layout":"default","site-content-style":"default","site-sidebar-style":"default","ast-global-header-display":"","ast-banner-title-visibility":"","ast-main-header-display":"","ast-hfb-above-header-display":"","ast-hfb-below-header-display":"","ast-hfb-mobile-header-display":"","site-post-title":"disabled","ast-breadcrumbs-content":"","ast-featured-img":"disabled","footer-sml-layout":"","theme-transparent-header-meta":"","adv-header-id-meta":"","stick-header-meta":"","header-above-stick-meta":"","header-main-stick-meta":"","header-below-stick-meta":"","astra-migrate-meta-layouts":"set","ast-page-background-enabled":"default","ast-page-background-meta":{"desktop":{"background-color":"","background-image":"","background-repeat":"repeat","background-position":"center center","background-size":"auto","background-attachment":"scroll","background-type":"","background-media":"","overlay-type":"","overlay-color":"","overlay-opacity":"","overlay-gradient":""},"tablet":{"background-color":"","background-image":"","background-repeat":"repeat","background-position":"center center","background-size":"auto","background-attachment":"scroll","background-type":"","background-media":"","overlay-type":"","overlay-color":"","overlay-opacity":"","overlay-gradient":""},"mobile":{"background-color":"","background-image":"","background-repeat":"repeat","background-position":"center center","background-size":"auto","background-attachment":"scroll","background-type":"","background-media":"","overlay-type":"","overlay-color":"","overlay-opacity":"","overlay-gradient":""}},"ast-content-background-meta":{"desktop":{"background-color":"var(--ast-global-color-5)","background-image":"","background-repeat":"repeat","background-position":"center center","background-size":"auto","background-attachment":"scroll","background-type":"","background-media":"","overlay-type":"","overlay-color":"","overlay-opacity":"","overlay-gradient":""},"tablet":{"background-color":"var(--ast-global-color-5)","background-image":"","background-repeat":"repeat","background-position":"center center","background-size":"auto","background-attachment":"scroll","background-type":"","background-media":"","overlay-type":"","overlay-color":"","overlay-opacity":"","overlay-gradient":""},"mobile":{"background-color":"var(--ast-global-color-5)","background-image":"","background-repeat":"repeat","background-position":"center center","background-size":"auto","background-attachment":"scroll","background-type":"","background-media":"","overlay-type":"","overlay-color":"","overlay-opacity":"","overlay-gradient":""}},"footnotes":""},"class_list":["post-358","page","type-page","status-publish","hentry"],"yoast_head":"<!-- This site is optimized with the Yoast SEO plugin v26.0 - https:\/\/yoast.com\/wordpress\/plugins\/seo\/ -->\n<title>Dofinansowanie - PayFor.travel &amp; AI Booking Engine, AI Travel Concierge<\/title>\n<meta name=\"robots\" content=\"index, follow, max-snippet:-1, max-image-preview:large, max-video-preview:-1\" \/>\n<link rel=\"canonical\" href=\"https:\/\/payfor.travel\/it\/dofinansowanie\/\" \/>\n<meta property=\"og:locale\" content=\"it_IT\" \/>\n<meta property=\"og:type\" content=\"article\" \/>\n<meta property=\"og:title\" content=\"Dofinansowanie - PayFor.travel &amp; AI Booking Engine, AI Travel Concierge\" \/>\n<meta property=\"og:description\" content=\"TRIPSO AI &#8211; Program Akceleracyjny \u201eStartup Booster for Social Impact\u201d\u00a0 TRIPSO sp. z o.o. bierze udzia\u0142 w programie akceleracji a&nbsp; przedmiot Umowy jest realizowany w ramach projektu \u201eUniwersytet SWPS \u2013 Startup Booster for Social Impact\u201d o numerze FENG.02.28-IP.02-0003\/23, wsp\u00f3\u0142finansowanego przez Polsk\u0105 Agencj\u0119 Rozwoju Przedsi\u0119biorczo\u015bci w ramach programu Fundusze Europejskie dla Nowoczesnej Gospodarki na lata 2021-2027. [&hellip;]\" \/>\n<meta property=\"og:url\" content=\"https:\/\/payfor.travel\/it\/dofinansowanie\/\" \/>\n<meta property=\"og:site_name\" content=\"PayFor.travel &amp; AI Booking Engine, AI Travel Concierge\" \/>\n<meta property=\"article:publisher\" content=\"https:\/\/www.facebook.com\/search\/top?q=tripsomania.com\" \/>\n<meta property=\"article:modified_time\" content=\"2025-11-14T14:08:14+00:00\" \/>\n<meta property=\"og:image\" content=\"https:\/\/payfor.travel\/wp-content\/uploads\/2025\/11\/image-2.png\" \/>\n\t<meta property=\"og:image:width\" content=\"941\" \/>\n\t<meta property=\"og:image:height\" content=\"126\" \/>\n\t<meta property=\"og:image:type\" content=\"image\/png\" \/>\n<meta name=\"twitter:card\" content=\"summary_large_image\" \/>\n<meta name=\"twitter:label1\" content=\"Tempo di lettura stimato\" \/>\n\t<meta name=\"twitter:data1\" content=\"3 minuti\" \/>\n<script type=\"application\/ld+json\" class=\"yoast-schema-graph\">{\"@context\":\"https:\/\/schema.org\",\"@graph\":[{\"@type\":\"WebPage\",\"@id\":\"https:\/\/payfor.travel\/dofinansowanie\/\",\"url\":\"https:\/\/payfor.travel\/dofinansowanie\/\",\"name\":\"Dofinansowanie - PayFor.travel &amp; AI Booking Engine, AI Travel Concierge\",\"isPartOf\":{\"@id\":\"https:\/\/payfor.travel\/#website\"},\"primaryImageOfPage\":{\"@id\":\"https:\/\/payfor.travel\/dofinansowanie\/#primaryimage\"},\"image\":{\"@id\":\"https:\/\/payfor.travel\/dofinansowanie\/#primaryimage\"},\"thumbnailUrl\":\"https:\/\/payfor.travel\/wp-content\/uploads\/2025\/11\/image-2.png\",\"datePublished\":\"2023-08-21T10:56:57+00:00\",\"dateModified\":\"2025-11-14T14:08:14+00:00\",\"breadcrumb\":{\"@id\":\"https:\/\/payfor.travel\/dofinansowanie\/#breadcrumb\"},\"inLanguage\":\"it-IT\",\"potentialAction\":[{\"@type\":\"ReadAction\",\"target\":[\"https:\/\/payfor.travel\/dofinansowanie\/\"]}]},{\"@type\":\"ImageObject\",\"inLanguage\":\"it-IT\",\"@id\":\"https:\/\/payfor.travel\/dofinansowanie\/#primaryimage\",\"url\":\"https:\/\/payfor.travel\/wp-content\/uploads\/2025\/11\/image-2.png\",\"contentUrl\":\"https:\/\/payfor.travel\/wp-content\/uploads\/2025\/11\/image-2.png\"},{\"@type\":\"BreadcrumbList\",\"@id\":\"https:\/\/payfor.travel\/dofinansowanie\/#breadcrumb\",\"itemListElement\":[{\"@type\":\"ListItem\",\"position\":1,\"name\":\"Strona g\u0142\u00f3wna\",\"item\":\"https:\/\/payfor.travel\/\"},{\"@type\":\"ListItem\",\"position\":2,\"name\":\"Dofinansowanie\"}]},{\"@type\":\"WebSite\",\"@id\":\"https:\/\/payfor.travel\/#website\",\"url\":\"https:\/\/payfor.travel\/\",\"name\":\"PayFor.travel & AI Booking Engine, AI Travel Concierge Chatbot\",\"description\":\"AI Booking Engine &amp; AI Travel Chatbot, Tours, Activities, Rentals, Hotels, Apartments.\",\"publisher\":{\"@id\":\"https:\/\/payfor.travel\/#organization\"},\"potentialAction\":[{\"@type\":\"SearchAction\",\"target\":{\"@type\":\"EntryPoint\",\"urlTemplate\":\"https:\/\/payfor.travel\/?s={search_term_string}\"},\"query-input\":{\"@type\":\"PropertyValueSpecification\",\"valueRequired\":true,\"valueName\":\"search_term_string\"}}],\"inLanguage\":\"it-IT\"},{\"@type\":\"Organization\",\"@id\":\"https:\/\/payfor.travel\/#organization\",\"name\":\"PayFor.travel & AI Booking Engine, AI Travel Concierge\",\"url\":\"https:\/\/payfor.travel\/\",\"logo\":{\"@type\":\"ImageObject\",\"inLanguage\":\"it-IT\",\"@id\":\"https:\/\/payfor.travel\/#\/schema\/logo\/image\/\",\"url\":\"https:\/\/payfor.travel\/wp-content\/uploads\/2023\/08\/payfor-logo-1.png\",\"contentUrl\":\"https:\/\/payfor.travel\/wp-content\/uploads\/2023\/08\/payfor-logo-1.png\",\"width\":360,\"height\":120,\"caption\":\"PayFor.travel & AI Booking Engine, AI Travel Concierge\"},\"image\":{\"@id\":\"https:\/\/payfor.travel\/#\/schema\/logo\/image\/\"},\"sameAs\":[\"https:\/\/www.facebook.com\/search\/top?q=tripsomania.com\"]}]}<\/script>\n<!-- \/ Yoast SEO plugin. -->","yoast_head_json":{"title":"Finanziamento - PayFor.travel &amp; AI Booking Engine, AI Travel Concierge","robots":{"index":"index","follow":"follow","max-snippet":"max-snippet:-1","max-image-preview":"max-image-preview:large","max-video-preview":"max-video-preview:-1"},"canonical":"https:\/\/payfor.travel\/it\/dofinansowanie\/","og_locale":"it_IT","og_type":"article","og_title":"Dofinansowanie - PayFor.travel &amp; AI Booking Engine, AI Travel Concierge","og_description":"TRIPSO AI &#8211; Program Akceleracyjny \u201eStartup Booster for Social Impact\u201d\u00a0 TRIPSO sp. z o.o. bierze udzia\u0142 w programie akceleracji a&nbsp; przedmiot Umowy jest realizowany w ramach projektu \u201eUniwersytet SWPS \u2013 Startup Booster for Social Impact\u201d o numerze FENG.02.28-IP.02-0003\/23, wsp\u00f3\u0142finansowanego przez Polsk\u0105 Agencj\u0119 Rozwoju Przedsi\u0119biorczo\u015bci w ramach programu Fundusze Europejskie dla Nowoczesnej Gospodarki na lata 2021-2027. [&hellip;]","og_url":"https:\/\/payfor.travel\/it\/dofinansowanie\/","og_site_name":"PayFor.travel &amp; AI Booking Engine, AI Travel Concierge","article_publisher":"https:\/\/www.facebook.com\/search\/top?q=tripsomania.com","article_modified_time":"2025-11-14T14:08:14+00:00","og_image":[{"width":941,"height":126,"url":"https:\/\/payfor.travel\/wp-content\/uploads\/2025\/11\/image-2.png","type":"image\/png"}],"twitter_card":"summary_large_image","twitter_misc":{"Tempo di lettura stimato":"3 minuti"},"schema":{"@context":"https:\/\/schema.org","@graph":[{"@type":"WebPage","@id":"https:\/\/payfor.travel\/dofinansowanie\/","url":"https:\/\/payfor.travel\/dofinansowanie\/","name":"Finanziamento - PayFor.travel &amp; AI Booking Engine, AI Travel Concierge","isPartOf":{"@id":"https:\/\/payfor.travel\/#website"},"primaryImageOfPage":{"@id":"https:\/\/payfor.travel\/dofinansowanie\/#primaryimage"},"image":{"@id":"https:\/\/payfor.travel\/dofinansowanie\/#primaryimage"},"thumbnailUrl":"https:\/\/payfor.travel\/wp-content\/uploads\/2025\/11\/image-2.png","datePublished":"2023-08-21T10:56:57+00:00","dateModified":"2025-11-14T14:08:14+00:00","breadcrumb":{"@id":"https:\/\/payfor.travel\/dofinansowanie\/#breadcrumb"},"inLanguage":"it-IT","potentialAction":[{"@type":"ReadAction","target":["https:\/\/payfor.travel\/dofinansowanie\/"]}]},{"@type":"ImageObject","inLanguage":"it-IT","@id":"https:\/\/payfor.travel\/dofinansowanie\/#primaryimage","url":"https:\/\/payfor.travel\/wp-content\/uploads\/2025\/11\/image-2.png","contentUrl":"https:\/\/payfor.travel\/wp-content\/uploads\/2025\/11\/image-2.png"},{"@type":"BreadcrumbList","@id":"https:\/\/payfor.travel\/dofinansowanie\/#breadcrumb","itemListElement":[{"@type":"ListItem","position":1,"name":"Strona g\u0142\u00f3wna","item":"https:\/\/payfor.travel\/"},{"@type":"ListItem","position":2,"name":"Dofinansowanie"}]},{"@type":"WebSite","@id":"https:\/\/payfor.travel\/#website","url":"https:\/\/payfor.travel\/","name":"PayFor.travel &amp; AI Booking Engine, AI Travel Concierge Chatbot","description":"Motore di prenotazione AI e Chatbot di viaggi AI, tour, attivit\u00e0, affitti, hotel, appartamenti.","publisher":{"@id":"https:\/\/payfor.travel\/#organization"},"potentialAction":[{"@type":"SearchAction","target":{"@type":"EntryPoint","urlTemplate":"https:\/\/payfor.travel\/?s={search_term_string}"},"query-input":{"@type":"PropertyValueSpecification","valueRequired":true,"valueName":"search_term_string"}}],"inLanguage":"it-IT"},{"@type":"Organization","@id":"https:\/\/payfor.travel\/#organization","name":"PayFor.travel &amp; AI Booking Engine, AI Travel Concierge","url":"https:\/\/payfor.travel\/","logo":{"@type":"ImageObject","inLanguage":"it-IT","@id":"https:\/\/payfor.travel\/#\/schema\/logo\/image\/","url":"https:\/\/payfor.travel\/wp-content\/uploads\/2023\/08\/payfor-logo-1.png","contentUrl":"https:\/\/payfor.travel\/wp-content\/uploads\/2023\/08\/payfor-logo-1.png","width":360,"height":120,"caption":"PayFor.travel & AI Booking Engine, AI Travel Concierge"},"image":{"@id":"https:\/\/payfor.travel\/#\/schema\/logo\/image\/"},"sameAs":["https:\/\/www.facebook.com\/search\/top?q=tripsomania.com"]}]}},"_links":{"self":[{"href":"https:\/\/payfor.travel\/it\/wp-json\/wp\/v2\/pages\/358","targetHints":{"allow":["GET"]}}],"collection":[{"href":"https:\/\/payfor.travel\/it\/wp-json\/wp\/v2\/pages"}],"about":[{"href":"https:\/\/payfor.travel\/it\/wp-json\/wp\/v2\/types\/page"}],"author":[{"embeddable":true,"href":"https:\/\/payfor.travel\/it\/wp-json\/wp\/v2\/users\/1"}],"replies":[{"embeddable":true,"href":"https:\/\/payfor.travel\/it\/wp-json\/wp\/v2\/comments?post=358"}],"version-history":[{"count":46,"href":"https:\/\/payfor.travel\/it\/wp-json\/wp\/v2\/pages\/358\/revisions"}],"predecessor-version":[{"id":2347,"href":"https:\/\/payfor.travel\/it\/wp-json\/wp\/v2\/pages\/358\/revisions\/2347"}],"wp:attachment":[{"href":"https:\/\/payfor.travel\/it\/wp-json\/wp\/v2\/media?parent=358"}],"curies":[{"name":"wp","href":"https:\/\/api.w.org\/{rel}","templated":true}]}}