{"id":2262,"date":"2024-07-30T16:14:29","date_gmt":"2024-07-30T14:14:29","guid":{"rendered":"https:\/\/payfor.travel\/?page_id=2262"},"modified":"2024-07-30T16:29:04","modified_gmt":"2024-07-30T14:29:04","slug":"zapytania-o-cene-dofinansowanie-z-funduszy-europejskich","status":"publish","type":"page","link":"https:\/\/payfor.travel\/en\/zapytania-o-cene-dofinansowanie-z-funduszy-europejskich\/","title":{"rendered":"Price inquiries, financing from European Funds"},"content":{"rendered":"<div data-elementor-type=\"wp-page\" data-elementor-id=\"2262\" class=\"elementor elementor-2262\">\n\t\t\t\t<div class=\"elementor-element elementor-element-5fa592dd e-flex e-con-boxed e-con e-parent\" data-id=\"5fa592dd\" data-element_type=\"container\">\n\t\t\t\t\t<div class=\"e-con-inner\">\n\t\t\t\t<div class=\"elementor-element elementor-element-4e58d5bc elementor-widget elementor-widget-text-editor\" data-id=\"4e58d5bc\" data-element_type=\"widget\" data-widget_type=\"text-editor.default\">\n\t\t\t\t<div class=\"elementor-widget-container\">\n\t\t\t\t\t\t\t\t\t<p><\/p>\n<p>PayFor sp. z o.o. is implementing a project subsidized by European Funds. \"PayFor.travel software and fintech application for the tourism industry. Automating and integrating international payment and settlement processes between tourism market participants.\"<\/p>\n<p><\/p>\n<p>The aim of the PAYFOR.travel project is to introduce a product innovation to the domestic and international market: PAYFOR.travel a fintech platform for the travel industry that automates and integrates international payment and settlement processes between travel market participants in particular tour operators, hotels, sales agents, travel agents, distribution channels, and payments received from B2C (tourists) versus B2B (companies).<\/p>\n<p><\/p>\n<p>Price Request:<\/p>\n<p><\/p>\n<ol class=\"wp-block-list\">\n<li style=\"list-style-type: none;\">\n<ol><\/ol>\n<\/li>\n<\/ol>\n<ol>\n<li style=\"list-style-type: none;\">\n<ol>\n<li><strong>Advertising on Google Ads and Facebook Ads<\/strong>, price inquiry and bid form attached.&nbsp;<a style=\"background-color: #ffffff; outline: 0px;\" href=\"https:\/\/payfor.travel\/wp-content\/uploads\/2024\/07\/Formularz-oferty-Google-Ads-Marketing-PayFor.docx.pdf\">Google Ads Marketing PayFor bid form.docx<\/a>.&nbsp;<a style=\"background-color: #ffffff;\" href=\"https:\/\/payfor.travel\/wp-content\/uploads\/2024\/07\/Zapytanie-ofertowe-PayFor-Fb-i-Ads.docx.pdf\">PayFor request for proposal - Fb and Ads..docx<\/a>&nbsp;<\/li>\n<\/ol>\n<\/li>\n<\/ol>\n<p><\/p>\n<ol>\n<li style=\"list-style-type: none;\">\n<ol>\n<li><strong>Account manager<\/strong>, price inquiry and bid form attached.&nbsp;<a style=\"background-color: #ffffff;\" href=\"https:\/\/payfor.travel\/wp-content\/uploads\/2024\/07\/Zapytanie-o-cene-PayFor-Opiekun-Finansowy-kopia.docx.pdf\">Request for price - PayFor Financial Guardian-copy.docx<\/a>&nbsp;<a href=\"https:\/\/payfor.travel\/wp-content\/uploads\/2024\/07\/Kopia-KO4-R_2023-03-01_zal1_FORMULARZ_opiekun_PayFor.docx.pdf\" style=\"background-color: rgb(255, 255, 255);\">Kopia KO4-R_2023-03-01_zal1_FORMULARZ_opiekun_PayFor.docx<\/a>&nbsp;&nbsp;<\/li>\n<\/ol>\n<\/li>\n<\/ol>\n<p><\/p>\n<p><\/p>\n<figure><img decoding=\"async\" src=\"https:\/\/payfor.travel\/wp-content\/uploads\/2024\/07\/image.png\" alt=\"\"><\/figure>\n<p><\/p>\t\t\t\t\t\t\t\t<\/div>\n\t\t\t\t<\/div>\n\t\t\t\t\t<\/div>\n\t\t\t\t<\/div>\n\t\t\t\t<\/div>","protected":false},"excerpt":{"rendered":"<p>PayFor sp. z o.o. is implementing a project subsidized by European Funds. \"PayFor.travel software and fintech application for the tourism industry. Automating and integrating international payment and settlement processes between tourism market participants.\" The goal of the PAYFOR.travel project is to introduce a product innovation to the domestic and foreign markets: PAYFOR.travel fintech platform for the travel industry automating and integrating international payment and settlement processes [...]<\/p>","protected":false},"author":1,"featured_media":0,"parent":0,"menu_order":0,"comment_status":"closed","ping_status":"closed","template":"","meta":{"content-type":"","site-sidebar-layout":"default","site-content-layout":"","ast-site-content-layout":"default","site-content-style":"default","site-sidebar-style":"default","ast-global-header-display":"","ast-banner-title-visibility":"","ast-main-header-display":"","ast-hfb-above-header-display":"","ast-hfb-below-header-display":"","ast-hfb-mobile-header-display":"","site-post-title":"","ast-breadcrumbs-content":"","ast-featured-img":"","footer-sml-layout":"","theme-transparent-header-meta":"","adv-header-id-meta":"","stick-header-meta":"","header-above-stick-meta":"","header-main-stick-meta":"","header-below-stick-meta":"","astra-migrate-meta-layouts":"set","ast-page-background-enabled":"default","ast-page-background-meta":{"desktop":{"background-color":"","background-image":"","background-repeat":"repeat","background-position":"center center","background-size":"auto","background-attachment":"scroll","background-type":"","background-media":"","overlay-type":"","overlay-color":"","overlay-opacity":"","overlay-gradient":""},"tablet":{"background-color":"","background-image":"","background-repeat":"repeat","background-position":"center center","background-size":"auto","background-attachment":"scroll","background-type":"","background-media":"","overlay-type":"","overlay-color":"","overlay-opacity":"","overlay-gradient":""},"mobile":{"background-color":"","background-image":"","background-repeat":"repeat","background-position":"center center","background-size":"auto","background-attachment":"scroll","background-type":"","background-media":"","overlay-type":"","overlay-color":"","overlay-opacity":"","overlay-gradient":""}},"ast-content-background-meta":{"desktop":{"background-color":"var(--ast-global-color-5)","background-image":"","background-repeat":"repeat","background-position":"center center","background-size":"auto","background-attachment":"scroll","background-type":"","background-media":"","overlay-type":"","overlay-color":"","overlay-opacity":"","overlay-gradient":""},"tablet":{"background-color":"var(--ast-global-color-5)","background-image":"","background-repeat":"repeat","background-position":"center center","background-size":"auto","background-attachment":"scroll","background-type":"","background-media":"","overlay-type":"","overlay-color":"","overlay-opacity":"","overlay-gradient":""},"mobile":{"background-color":"var(--ast-global-color-5)","background-image":"","background-repeat":"repeat","background-position":"center center","background-size":"auto","background-attachment":"scroll","background-type":"","background-media":"","overlay-type":"","overlay-color":"","overlay-opacity":"","overlay-gradient":""}},"footnotes":""},"class_list":["post-2262","page","type-page","status-publish","hentry"],"yoast_head":"<!-- This site is optimized with the Yoast SEO plugin v26.0 - https:\/\/yoast.com\/wordpress\/plugins\/seo\/ -->\n<title>Zapytania o cen\u0119, dofinansowanie z Funduszy Europejskich - PayFor.travel &amp; AI Booking Engine, AI Travel Concierge<\/title>\n<meta name=\"robots\" content=\"index, follow, max-snippet:-1, max-image-preview:large, max-video-preview:-1\" \/>\n<link rel=\"canonical\" href=\"https:\/\/payfor.travel\/en\/zapytania-o-cene-dofinansowanie-z-funduszy-europejskich\/\" \/>\n<meta property=\"og:locale\" content=\"en_US\" \/>\n<meta property=\"og:type\" content=\"article\" \/>\n<meta property=\"og:title\" content=\"Zapytania o cen\u0119, dofinansowanie z Funduszy Europejskich - PayFor.travel &amp; AI Booking Engine, AI Travel Concierge\" \/>\n<meta property=\"og:description\" content=\"PayFor sp. z o.o. realizuje projekt dofinansowany z Funduszy Europejskich.\u201dPayFor.travel oprogramowanie i aplikacja fintech dla bran\u017cy turystycznej. Automatyzuj\u0105ca i integruj\u0105ca mi\u0119dzynarodowe procesy p\u0142atno\u015bci i rozliczenia mi\u0119dzy uczestnikami rynku turystycznego.\u201d Celem projektu PAYFOR.travel jest wprowadzenie na rynek krajowy i zagraniczny innowacji produktowej: PAYFOR.travel platforma fintech dla bran\u017cy turystycznej automatyzuj\u0105cej i integruj\u0105cej mi\u0119dzynarodowe procesy p\u0142atno\u015bci i rozliczenia [&hellip;]\" \/>\n<meta property=\"og:url\" content=\"https:\/\/payfor.travel\/en\/zapytania-o-cene-dofinansowanie-z-funduszy-europejskich\/\" \/>\n<meta property=\"og:site_name\" content=\"PayFor.travel &amp; AI Booking Engine, AI Travel Concierge\" \/>\n<meta property=\"article:publisher\" content=\"https:\/\/www.facebook.com\/search\/top?q=tripsomania.com\" \/>\n<meta property=\"article:modified_time\" content=\"2024-07-30T14:29:04+00:00\" \/>\n<meta property=\"og:image\" content=\"https:\/\/payfor.travel\/wp-content\/uploads\/2024\/07\/image.png\" \/>\n<meta name=\"twitter:card\" content=\"summary_large_image\" \/>\n<meta name=\"twitter:label1\" content=\"Est. reading time\" \/>\n\t<meta name=\"twitter:data1\" content=\"1 minute\" \/>\n<script type=\"application\/ld+json\" class=\"yoast-schema-graph\">{\"@context\":\"https:\/\/schema.org\",\"@graph\":[{\"@type\":\"WebPage\",\"@id\":\"https:\/\/payfor.travel\/zapytania-o-cene-dofinansowanie-z-funduszy-europejskich\/\",\"url\":\"https:\/\/payfor.travel\/zapytania-o-cene-dofinansowanie-z-funduszy-europejskich\/\",\"name\":\"Zapytania o cen\u0119, dofinansowanie z Funduszy Europejskich - PayFor.travel &amp; AI Booking Engine, AI Travel Concierge\",\"isPartOf\":{\"@id\":\"https:\/\/payfor.travel\/#website\"},\"primaryImageOfPage\":{\"@id\":\"https:\/\/payfor.travel\/zapytania-o-cene-dofinansowanie-z-funduszy-europejskich\/#primaryimage\"},\"image\":{\"@id\":\"https:\/\/payfor.travel\/zapytania-o-cene-dofinansowanie-z-funduszy-europejskich\/#primaryimage\"},\"thumbnailUrl\":\"https:\/\/payfor.travel\/wp-content\/uploads\/2024\/07\/image.png\",\"datePublished\":\"2024-07-30T14:14:29+00:00\",\"dateModified\":\"2024-07-30T14:29:04+00:00\",\"breadcrumb\":{\"@id\":\"https:\/\/payfor.travel\/zapytania-o-cene-dofinansowanie-z-funduszy-europejskich\/#breadcrumb\"},\"inLanguage\":\"en-US\",\"potentialAction\":[{\"@type\":\"ReadAction\",\"target\":[\"https:\/\/payfor.travel\/zapytania-o-cene-dofinansowanie-z-funduszy-europejskich\/\"]}]},{\"@type\":\"ImageObject\",\"inLanguage\":\"en-US\",\"@id\":\"https:\/\/payfor.travel\/zapytania-o-cene-dofinansowanie-z-funduszy-europejskich\/#primaryimage\",\"url\":\"https:\/\/payfor.travel\/wp-content\/uploads\/2024\/07\/image.png\",\"contentUrl\":\"https:\/\/payfor.travel\/wp-content\/uploads\/2024\/07\/image.png\"},{\"@type\":\"BreadcrumbList\",\"@id\":\"https:\/\/payfor.travel\/zapytania-o-cene-dofinansowanie-z-funduszy-europejskich\/#breadcrumb\",\"itemListElement\":[{\"@type\":\"ListItem\",\"position\":1,\"name\":\"Strona g\u0142\u00f3wna\",\"item\":\"https:\/\/payfor.travel\/\"},{\"@type\":\"ListItem\",\"position\":2,\"name\":\"Zapytania o cen\u0119, dofinansowanie z Funduszy Europejskich\"}]},{\"@type\":\"WebSite\",\"@id\":\"https:\/\/payfor.travel\/#website\",\"url\":\"https:\/\/payfor.travel\/\",\"name\":\"PayFor.travel & AI Booking Engine, AI Travel Concierge Chatbot\",\"description\":\"AI Booking Engine &amp; AI Travel Chatbot, Tours, Activities, Rentals, Hotels, Apartments.\",\"publisher\":{\"@id\":\"https:\/\/payfor.travel\/#organization\"},\"potentialAction\":[{\"@type\":\"SearchAction\",\"target\":{\"@type\":\"EntryPoint\",\"urlTemplate\":\"https:\/\/payfor.travel\/?s={search_term_string}\"},\"query-input\":{\"@type\":\"PropertyValueSpecification\",\"valueRequired\":true,\"valueName\":\"search_term_string\"}}],\"inLanguage\":\"en-US\"},{\"@type\":\"Organization\",\"@id\":\"https:\/\/payfor.travel\/#organization\",\"name\":\"PayFor.travel & AI Booking Engine, AI Travel Concierge\",\"url\":\"https:\/\/payfor.travel\/\",\"logo\":{\"@type\":\"ImageObject\",\"inLanguage\":\"en-US\",\"@id\":\"https:\/\/payfor.travel\/#\/schema\/logo\/image\/\",\"url\":\"https:\/\/payfor.travel\/wp-content\/uploads\/2023\/08\/payfor-logo-1.png\",\"contentUrl\":\"https:\/\/payfor.travel\/wp-content\/uploads\/2023\/08\/payfor-logo-1.png\",\"width\":360,\"height\":120,\"caption\":\"PayFor.travel & AI Booking Engine, AI Travel Concierge\"},\"image\":{\"@id\":\"https:\/\/payfor.travel\/#\/schema\/logo\/image\/\"},\"sameAs\":[\"https:\/\/www.facebook.com\/search\/top?q=tripsomania.com\"]}]}<\/script>\n<!-- \/ Yoast SEO plugin. -->","yoast_head_json":{"title":"Price inquiries, European Funding - PayFor.travel &amp; AI Booking Engine, AI Travel Concierge","robots":{"index":"index","follow":"follow","max-snippet":"max-snippet:-1","max-image-preview":"max-image-preview:large","max-video-preview":"max-video-preview:-1"},"canonical":"https:\/\/payfor.travel\/en\/zapytania-o-cene-dofinansowanie-z-funduszy-europejskich\/","og_locale":"en_US","og_type":"article","og_title":"Zapytania o cen\u0119, dofinansowanie z Funduszy Europejskich - PayFor.travel &amp; AI Booking Engine, AI Travel Concierge","og_description":"PayFor sp. z o.o. realizuje projekt dofinansowany z Funduszy Europejskich.\u201dPayFor.travel oprogramowanie i aplikacja fintech dla bran\u017cy turystycznej. Automatyzuj\u0105ca i integruj\u0105ca mi\u0119dzynarodowe procesy p\u0142atno\u015bci i rozliczenia mi\u0119dzy uczestnikami rynku turystycznego.\u201d Celem projektu PAYFOR.travel jest wprowadzenie na rynek krajowy i zagraniczny innowacji produktowej: PAYFOR.travel platforma fintech dla bran\u017cy turystycznej automatyzuj\u0105cej i integruj\u0105cej mi\u0119dzynarodowe procesy p\u0142atno\u015bci i rozliczenia [&hellip;]","og_url":"https:\/\/payfor.travel\/en\/zapytania-o-cene-dofinansowanie-z-funduszy-europejskich\/","og_site_name":"PayFor.travel &amp; AI Booking Engine, AI Travel Concierge","article_publisher":"https:\/\/www.facebook.com\/search\/top?q=tripsomania.com","article_modified_time":"2024-07-30T14:29:04+00:00","og_image":[{"url":"https:\/\/payfor.travel\/wp-content\/uploads\/2024\/07\/image.png","type":"","width":"","height":""}],"twitter_card":"summary_large_image","twitter_misc":{"Est. reading time":"1 minute"},"schema":{"@context":"https:\/\/schema.org","@graph":[{"@type":"WebPage","@id":"https:\/\/payfor.travel\/zapytania-o-cene-dofinansowanie-z-funduszy-europejskich\/","url":"https:\/\/payfor.travel\/zapytania-o-cene-dofinansowanie-z-funduszy-europejskich\/","name":"Price inquiries, European Funding - PayFor.travel &amp; AI Booking Engine, AI Travel Concierge","isPartOf":{"@id":"https:\/\/payfor.travel\/#website"},"primaryImageOfPage":{"@id":"https:\/\/payfor.travel\/zapytania-o-cene-dofinansowanie-z-funduszy-europejskich\/#primaryimage"},"image":{"@id":"https:\/\/payfor.travel\/zapytania-o-cene-dofinansowanie-z-funduszy-europejskich\/#primaryimage"},"thumbnailUrl":"https:\/\/payfor.travel\/wp-content\/uploads\/2024\/07\/image.png","datePublished":"2024-07-30T14:14:29+00:00","dateModified":"2024-07-30T14:29:04+00:00","breadcrumb":{"@id":"https:\/\/payfor.travel\/zapytania-o-cene-dofinansowanie-z-funduszy-europejskich\/#breadcrumb"},"inLanguage":"en-US","potentialAction":[{"@type":"ReadAction","target":["https:\/\/payfor.travel\/zapytania-o-cene-dofinansowanie-z-funduszy-europejskich\/"]}]},{"@type":"ImageObject","inLanguage":"en-US","@id":"https:\/\/payfor.travel\/zapytania-o-cene-dofinansowanie-z-funduszy-europejskich\/#primaryimage","url":"https:\/\/payfor.travel\/wp-content\/uploads\/2024\/07\/image.png","contentUrl":"https:\/\/payfor.travel\/wp-content\/uploads\/2024\/07\/image.png"},{"@type":"BreadcrumbList","@id":"https:\/\/payfor.travel\/zapytania-o-cene-dofinansowanie-z-funduszy-europejskich\/#breadcrumb","itemListElement":[{"@type":"ListItem","position":1,"name":"Strona g\u0142\u00f3wna","item":"https:\/\/payfor.travel\/"},{"@type":"ListItem","position":2,"name":"Zapytania o cen\u0119, dofinansowanie z Funduszy Europejskich"}]},{"@type":"WebSite","@id":"https:\/\/payfor.travel\/#website","url":"https:\/\/payfor.travel\/","name":"PayFor.travel &amp; AI Booking Engine, AI Travel Concierge Chatbot","description":"AI Booking Engine &amp; AI Travel Chatbot, Tours, Activities, Rentals, Hotels, Apartments.","publisher":{"@id":"https:\/\/payfor.travel\/#organization"},"potentialAction":[{"@type":"SearchAction","target":{"@type":"EntryPoint","urlTemplate":"https:\/\/payfor.travel\/?s={search_term_string}"},"query-input":{"@type":"PropertyValueSpecification","valueRequired":true,"valueName":"search_term_string"}}],"inLanguage":"en-US"},{"@type":"Organization","@id":"https:\/\/payfor.travel\/#organization","name":"PayFor.travel &amp; AI Booking Engine, AI Travel Concierge","url":"https:\/\/payfor.travel\/","logo":{"@type":"ImageObject","inLanguage":"en-US","@id":"https:\/\/payfor.travel\/#\/schema\/logo\/image\/","url":"https:\/\/payfor.travel\/wp-content\/uploads\/2023\/08\/payfor-logo-1.png","contentUrl":"https:\/\/payfor.travel\/wp-content\/uploads\/2023\/08\/payfor-logo-1.png","width":360,"height":120,"caption":"PayFor.travel & AI Booking Engine, AI Travel Concierge"},"image":{"@id":"https:\/\/payfor.travel\/#\/schema\/logo\/image\/"},"sameAs":["https:\/\/www.facebook.com\/search\/top?q=tripsomania.com"]}]}},"_links":{"self":[{"href":"https:\/\/payfor.travel\/en\/wp-json\/wp\/v2\/pages\/2262","targetHints":{"allow":["GET"]}}],"collection":[{"href":"https:\/\/payfor.travel\/en\/wp-json\/wp\/v2\/pages"}],"about":[{"href":"https:\/\/payfor.travel\/en\/wp-json\/wp\/v2\/types\/page"}],"author":[{"embeddable":true,"href":"https:\/\/payfor.travel\/en\/wp-json\/wp\/v2\/users\/1"}],"replies":[{"embeddable":true,"href":"https:\/\/payfor.travel\/en\/wp-json\/wp\/v2\/comments?post=2262"}],"version-history":[{"count":9,"href":"https:\/\/payfor.travel\/en\/wp-json\/wp\/v2\/pages\/2262\/revisions"}],"predecessor-version":[{"id":2281,"href":"https:\/\/payfor.travel\/en\/wp-json\/wp\/v2\/pages\/2262\/revisions\/2281"}],"wp:attachment":[{"href":"https:\/\/payfor.travel\/en\/wp-json\/wp\/v2\/media?parent=2262"}],"curies":[{"name":"wp","href":"https:\/\/api.w.org\/{rel}","templated":true}]}}