{"id":2328,"date":"2025-11-12T19:30:52","date_gmt":"2025-11-12T18:30:52","guid":{"rendered":"https:\/\/payfor.travel\/?page_id=2328"},"modified":"2025-11-13T14:26:55","modified_gmt":"2025-11-13T13:26:55","slug":"dofinansowanie-ue","status":"publish","type":"page","link":"https:\/\/payfor.travel\/de\/dofinansowanie-ue\/","title":{"rendered":"Dofinansowanie UE"},"content":{"rendered":"<p>TRIPSO sp. z o.o. bierze udzia\u0142 w programie akceleracji a&nbsp; przedmiot Umowy jest realizowany w ramach projektu \u201eUniwersytet SWPS \u2013 Startup Booster for Social Impact\u201d o numerze FENG.02.28-IP.02-0003\/23, wsp\u00f3\u0142finansowanego przez Polsk\u0105 Agencj\u0119 Rozwoju Przedsi\u0119biorczo\u015bci w ramach programu Fundusze Europejskie dla Nowoczesnej Gospodarki na lata 2021-2027.<\/p>\n\n\n\n<p>Kwota dofinansowania z UE: 380 999 zl<\/p>\n\n\n\n<p>Umowa nr 10\/1\/Booster\/2025 o powierzenie grantu<\/p>\n\n\n\n<p>w ramach Programu akceleracyjnego \u201eStartup Booster for Social Impact\u201d Uniwersytetu<br>SWPS, finansowanego ze \u015brodk\u00f3w Programu Operacyjnego Fundusze Europejskie dla<br>Nowoczesnej Gospodarki 2021-2027, dzia\u0142anie 2.28 \u201eStartup Booster Poland \u2013 Smart Up\u201d,<\/p>\n\n\n\n<p>2 Priorytet \u201e\u015arodowisko sprzyjaj\u0105ce innowacjom\u201d,<\/p>\n\n\n\n<p>\u015bcie\u017cka inwestorska<\/p>\n\n\n\n<p><\/p>\n\n\n\n<p>Tytu\u0142: Projekt: TRIPSO AI\u00a0 Celem akceleracji jest \u015bcie\u017cka inwestorska VC. Rezultaty projektu: Panel administracyjny z widget i integracjami. Grupy docelowe: firmy turystyczne.<br><\/p>\n\n\n\n<figure class=\"wp-block-image size-full\"><img fetchpriority=\"high\" decoding=\"async\" width=\"941\" height=\"126\" src=\"https:\/\/payfor.travel\/wp-content\/uploads\/2025\/11\/image-1.png\" alt=\"\" class=\"wp-image-2329\" srcset=\"https:\/\/payfor.travel\/wp-content\/uploads\/2025\/11\/image-1.png 941w, https:\/\/payfor.travel\/wp-content\/uploads\/2025\/11\/image-1-300x40.png 300w, https:\/\/payfor.travel\/wp-content\/uploads\/2025\/11\/image-1-768x103.png 768w, https:\/\/payfor.travel\/wp-content\/uploads\/2025\/11\/image-1-18x2.png 18w, https:\/\/payfor.travel\/wp-content\/uploads\/2025\/11\/image-1-24x3.png 24w, https:\/\/payfor.travel\/wp-content\/uploads\/2025\/11\/image-1-36x5.png 36w, https:\/\/payfor.travel\/wp-content\/uploads\/2025\/11\/image-1-48x6.png 48w\" sizes=\"(max-width: 941px) 100vw, 941px\" \/><\/figure>\n\n\n\n<p><\/p>","protected":false},"excerpt":{"rendered":"<p>TRIPSO sp. z o.o. bierze udzia\u0142 w programie akceleracji a&nbsp; przedmiot Umowy jest realizowany w ramach projektu \u201eUniwersytet SWPS \u2013 Startup Booster for Social Impact\u201d o numerze FENG.02.28-IP.02-0003\/23, wsp\u00f3\u0142finansowanego przez Polsk\u0105 Agencj\u0119 Rozwoju Przedsi\u0119biorczo\u015bci w ramach programu Fundusze Europejskie dla Nowoczesnej Gospodarki na lata 2021-2027. Kwota dofinansowania z UE: 380 999 zl Umowa nr 10\/1\/Booster\/2025 [&hellip;]<\/p>","protected":false},"author":1,"featured_media":0,"parent":0,"menu_order":0,"comment_status":"closed","ping_status":"closed","template":"","meta":{"content-type":"","site-sidebar-layout":"default","site-content-layout":"","ast-site-content-layout":"default","site-content-style":"default","site-sidebar-style":"default","ast-global-header-display":"","ast-banner-title-visibility":"","ast-main-header-display":"","ast-hfb-above-header-display":"","ast-hfb-below-header-display":"","ast-hfb-mobile-header-display":"","site-post-title":"","ast-breadcrumbs-content":"","ast-featured-img":"","footer-sml-layout":"","theme-transparent-header-meta":"","adv-header-id-meta":"","stick-header-meta":"","header-above-stick-meta":"","header-main-stick-meta":"","header-below-stick-meta":"","astra-migrate-meta-layouts":"set","ast-page-background-enabled":"default","ast-page-background-meta":{"desktop":{"background-color":"","background-image":"","background-repeat":"repeat","background-position":"center center","background-size":"auto","background-attachment":"scroll","background-type":"","background-media":"","overlay-type":"","overlay-color":"","overlay-opacity":"","overlay-gradient":""},"tablet":{"background-color":"","background-image":"","background-repeat":"repeat","background-position":"center center","background-size":"auto","background-attachment":"scroll","background-type":"","background-media":"","overlay-type":"","overlay-color":"","overlay-opacity":"","overlay-gradient":""},"mobile":{"background-color":"","background-image":"","background-repeat":"repeat","background-position":"center center","background-size":"auto","background-attachment":"scroll","background-type":"","background-media":"","overlay-type":"","overlay-color":"","overlay-opacity":"","overlay-gradient":""}},"ast-content-background-meta":{"desktop":{"background-color":"var(--ast-global-color-5)","background-image":"","background-repeat":"repeat","background-position":"center center","background-size":"auto","background-attachment":"scroll","background-type":"","background-media":"","overlay-type":"","overlay-color":"","overlay-opacity":"","overlay-gradient":""},"tablet":{"background-color":"var(--ast-global-color-5)","background-image":"","background-repeat":"repeat","background-position":"center center","background-size":"auto","background-attachment":"scroll","background-type":"","background-media":"","overlay-type":"","overlay-color":"","overlay-opacity":"","overlay-gradient":""},"mobile":{"background-color":"var(--ast-global-color-5)","background-image":"","background-repeat":"repeat","background-position":"center center","background-size":"auto","background-attachment":"scroll","background-type":"","background-media":"","overlay-type":"","overlay-color":"","overlay-opacity":"","overlay-gradient":""}},"footnotes":""},"class_list":["post-2328","page","type-page","status-publish","hentry"],"yoast_head":"<!-- This site is optimized with the Yoast SEO plugin v26.0 - https:\/\/yoast.com\/wordpress\/plugins\/seo\/ -->\n<title>Dofinansowanie UE - PayFor.travel &amp; AI Booking Engine, AI Travel Concierge<\/title>\n<meta name=\"robots\" content=\"index, follow, max-snippet:-1, max-image-preview:large, max-video-preview:-1\" \/>\n<link rel=\"canonical\" href=\"https:\/\/payfor.travel\/de\/dofinansowanie-ue\/\" \/>\n<meta property=\"og:locale\" content=\"de_DE\" \/>\n<meta property=\"og:type\" content=\"article\" \/>\n<meta property=\"og:title\" content=\"Dofinansowanie UE - PayFor.travel &amp; AI Booking Engine, AI Travel Concierge\" \/>\n<meta property=\"og:description\" content=\"TRIPSO sp. z o.o. bierze udzia\u0142 w programie akceleracji a&nbsp; przedmiot Umowy jest realizowany w ramach projektu \u201eUniwersytet SWPS \u2013 Startup Booster for Social Impact\u201d o numerze FENG.02.28-IP.02-0003\/23, wsp\u00f3\u0142finansowanego przez Polsk\u0105 Agencj\u0119 Rozwoju Przedsi\u0119biorczo\u015bci w ramach programu Fundusze Europejskie dla Nowoczesnej Gospodarki na lata 2021-2027. Kwota dofinansowania z UE: 380 999 zl Umowa nr 10\/1\/Booster\/2025 [&hellip;]\" \/>\n<meta property=\"og:url\" content=\"https:\/\/payfor.travel\/de\/dofinansowanie-ue\/\" \/>\n<meta property=\"og:site_name\" content=\"PayFor.travel &amp; AI Booking Engine, AI Travel Concierge\" \/>\n<meta property=\"article:publisher\" content=\"https:\/\/www.facebook.com\/search\/top?q=tripsomania.com\" \/>\n<meta property=\"article:modified_time\" content=\"2025-11-13T13:26:55+00:00\" \/>\n<meta property=\"og:image\" content=\"https:\/\/payfor.travel\/wp-content\/uploads\/2025\/11\/image-1.png\" \/>\n\t<meta property=\"og:image:width\" content=\"941\" \/>\n\t<meta property=\"og:image:height\" content=\"126\" \/>\n\t<meta property=\"og:image:type\" content=\"image\/png\" \/>\n<meta name=\"twitter:card\" content=\"summary_large_image\" \/>\n<meta name=\"twitter:label1\" content=\"Gesch\u00e4tzte Lesezeit\" \/>\n\t<meta name=\"twitter:data1\" content=\"1\u00a0Minute\" \/>\n<script type=\"application\/ld+json\" class=\"yoast-schema-graph\">{\"@context\":\"https:\/\/schema.org\",\"@graph\":[{\"@type\":\"WebPage\",\"@id\":\"https:\/\/payfor.travel\/dofinansowanie-ue\/\",\"url\":\"https:\/\/payfor.travel\/dofinansowanie-ue\/\",\"name\":\"Dofinansowanie UE - PayFor.travel &amp; AI Booking Engine, AI Travel Concierge\",\"isPartOf\":{\"@id\":\"https:\/\/payfor.travel\/#website\"},\"primaryImageOfPage\":{\"@id\":\"https:\/\/payfor.travel\/dofinansowanie-ue\/#primaryimage\"},\"image\":{\"@id\":\"https:\/\/payfor.travel\/dofinansowanie-ue\/#primaryimage\"},\"thumbnailUrl\":\"https:\/\/payfor.travel\/wp-content\/uploads\/2025\/11\/image-1.png\",\"datePublished\":\"2025-11-12T18:30:52+00:00\",\"dateModified\":\"2025-11-13T13:26:55+00:00\",\"breadcrumb\":{\"@id\":\"https:\/\/payfor.travel\/dofinansowanie-ue\/#breadcrumb\"},\"inLanguage\":\"de\",\"potentialAction\":[{\"@type\":\"ReadAction\",\"target\":[\"https:\/\/payfor.travel\/dofinansowanie-ue\/\"]}]},{\"@type\":\"ImageObject\",\"inLanguage\":\"de\",\"@id\":\"https:\/\/payfor.travel\/dofinansowanie-ue\/#primaryimage\",\"url\":\"https:\/\/payfor.travel\/wp-content\/uploads\/2025\/11\/image-1.png\",\"contentUrl\":\"https:\/\/payfor.travel\/wp-content\/uploads\/2025\/11\/image-1.png\"},{\"@type\":\"BreadcrumbList\",\"@id\":\"https:\/\/payfor.travel\/dofinansowanie-ue\/#breadcrumb\",\"itemListElement\":[{\"@type\":\"ListItem\",\"position\":1,\"name\":\"Strona g\u0142\u00f3wna\",\"item\":\"https:\/\/payfor.travel\/\"},{\"@type\":\"ListItem\",\"position\":2,\"name\":\"Dofinansowanie UE\"}]},{\"@type\":\"WebSite\",\"@id\":\"https:\/\/payfor.travel\/#website\",\"url\":\"https:\/\/payfor.travel\/\",\"name\":\"PayFor.travel & AI Booking Engine, AI Travel Concierge Chatbot\",\"description\":\"AI Booking Engine &amp; AI Travel Chatbot, Tours, Activities, Rentals, Hotels, Apartments.\",\"publisher\":{\"@id\":\"https:\/\/payfor.travel\/#organization\"},\"potentialAction\":[{\"@type\":\"SearchAction\",\"target\":{\"@type\":\"EntryPoint\",\"urlTemplate\":\"https:\/\/payfor.travel\/?s={search_term_string}\"},\"query-input\":{\"@type\":\"PropertyValueSpecification\",\"valueRequired\":true,\"valueName\":\"search_term_string\"}}],\"inLanguage\":\"de\"},{\"@type\":\"Organization\",\"@id\":\"https:\/\/payfor.travel\/#organization\",\"name\":\"PayFor.travel & AI Booking Engine, AI Travel Concierge\",\"url\":\"https:\/\/payfor.travel\/\",\"logo\":{\"@type\":\"ImageObject\",\"inLanguage\":\"de\",\"@id\":\"https:\/\/payfor.travel\/#\/schema\/logo\/image\/\",\"url\":\"https:\/\/payfor.travel\/wp-content\/uploads\/2023\/08\/payfor-logo-1.png\",\"contentUrl\":\"https:\/\/payfor.travel\/wp-content\/uploads\/2023\/08\/payfor-logo-1.png\",\"width\":360,\"height\":120,\"caption\":\"PayFor.travel & AI Booking Engine, AI Travel Concierge\"},\"image\":{\"@id\":\"https:\/\/payfor.travel\/#\/schema\/logo\/image\/\"},\"sameAs\":[\"https:\/\/www.facebook.com\/search\/top?q=tripsomania.com\"]}]}<\/script>\n<!-- \/ Yoast SEO plugin. -->","yoast_head_json":{"title":"Dofinansowanie UE - PayFor.travel &amp; AI Booking Engine, AI Travel Concierge","robots":{"index":"index","follow":"follow","max-snippet":"max-snippet:-1","max-image-preview":"max-image-preview:large","max-video-preview":"max-video-preview:-1"},"canonical":"https:\/\/payfor.travel\/de\/dofinansowanie-ue\/","og_locale":"de_DE","og_type":"article","og_title":"Dofinansowanie UE - PayFor.travel &amp; AI Booking Engine, AI Travel Concierge","og_description":"TRIPSO sp. z o.o. bierze udzia\u0142 w programie akceleracji a&nbsp; przedmiot Umowy jest realizowany w ramach projektu \u201eUniwersytet SWPS \u2013 Startup Booster for Social Impact\u201d o numerze FENG.02.28-IP.02-0003\/23, wsp\u00f3\u0142finansowanego przez Polsk\u0105 Agencj\u0119 Rozwoju Przedsi\u0119biorczo\u015bci w ramach programu Fundusze Europejskie dla Nowoczesnej Gospodarki na lata 2021-2027. Kwota dofinansowania z UE: 380 999 zl Umowa nr 10\/1\/Booster\/2025 [&hellip;]","og_url":"https:\/\/payfor.travel\/de\/dofinansowanie-ue\/","og_site_name":"PayFor.travel &amp; AI Booking Engine, AI Travel Concierge","article_publisher":"https:\/\/www.facebook.com\/search\/top?q=tripsomania.com","article_modified_time":"2025-11-13T13:26:55+00:00","og_image":[{"width":941,"height":126,"url":"https:\/\/payfor.travel\/wp-content\/uploads\/2025\/11\/image-1.png","type":"image\/png"}],"twitter_card":"summary_large_image","twitter_misc":{"Gesch\u00e4tzte Lesezeit":"1\u00a0Minute"},"schema":{"@context":"https:\/\/schema.org","@graph":[{"@type":"WebPage","@id":"https:\/\/payfor.travel\/dofinansowanie-ue\/","url":"https:\/\/payfor.travel\/dofinansowanie-ue\/","name":"Dofinansowanie UE - PayFor.travel &amp; AI Booking Engine, AI Travel Concierge","isPartOf":{"@id":"https:\/\/payfor.travel\/#website"},"primaryImageOfPage":{"@id":"https:\/\/payfor.travel\/dofinansowanie-ue\/#primaryimage"},"image":{"@id":"https:\/\/payfor.travel\/dofinansowanie-ue\/#primaryimage"},"thumbnailUrl":"https:\/\/payfor.travel\/wp-content\/uploads\/2025\/11\/image-1.png","datePublished":"2025-11-12T18:30:52+00:00","dateModified":"2025-11-13T13:26:55+00:00","breadcrumb":{"@id":"https:\/\/payfor.travel\/dofinansowanie-ue\/#breadcrumb"},"inLanguage":"de","potentialAction":[{"@type":"ReadAction","target":["https:\/\/payfor.travel\/dofinansowanie-ue\/"]}]},{"@type":"ImageObject","inLanguage":"de","@id":"https:\/\/payfor.travel\/dofinansowanie-ue\/#primaryimage","url":"https:\/\/payfor.travel\/wp-content\/uploads\/2025\/11\/image-1.png","contentUrl":"https:\/\/payfor.travel\/wp-content\/uploads\/2025\/11\/image-1.png"},{"@type":"BreadcrumbList","@id":"https:\/\/payfor.travel\/dofinansowanie-ue\/#breadcrumb","itemListElement":[{"@type":"ListItem","position":1,"name":"Strona g\u0142\u00f3wna","item":"https:\/\/payfor.travel\/"},{"@type":"ListItem","position":2,"name":"Dofinansowanie UE"}]},{"@type":"WebSite","@id":"https:\/\/payfor.travel\/#website","url":"https:\/\/payfor.travel\/","name":"PayFor.travel & AI Booking Engine, AI Travel Concierge Chatbot","description":"AI Booking Engine &amp; AI Travel Chatbot, Tours, Activities, Rentals, Hotels, Apartments.","publisher":{"@id":"https:\/\/payfor.travel\/#organization"},"potentialAction":[{"@type":"SearchAction","target":{"@type":"EntryPoint","urlTemplate":"https:\/\/payfor.travel\/?s={search_term_string}"},"query-input":{"@type":"PropertyValueSpecification","valueRequired":true,"valueName":"search_term_string"}}],"inLanguage":"de"},{"@type":"Organization","@id":"https:\/\/payfor.travel\/#organization","name":"PayFor.travel & AI Booking Engine, AI Travel Concierge","url":"https:\/\/payfor.travel\/","logo":{"@type":"ImageObject","inLanguage":"de","@id":"https:\/\/payfor.travel\/#\/schema\/logo\/image\/","url":"https:\/\/payfor.travel\/wp-content\/uploads\/2023\/08\/payfor-logo-1.png","contentUrl":"https:\/\/payfor.travel\/wp-content\/uploads\/2023\/08\/payfor-logo-1.png","width":360,"height":120,"caption":"PayFor.travel & AI Booking Engine, AI Travel Concierge"},"image":{"@id":"https:\/\/payfor.travel\/#\/schema\/logo\/image\/"},"sameAs":["https:\/\/www.facebook.com\/search\/top?q=tripsomania.com"]}]}},"_links":{"self":[{"href":"https:\/\/payfor.travel\/de\/wp-json\/wp\/v2\/pages\/2328","targetHints":{"allow":["GET"]}}],"collection":[{"href":"https:\/\/payfor.travel\/de\/wp-json\/wp\/v2\/pages"}],"about":[{"href":"https:\/\/payfor.travel\/de\/wp-json\/wp\/v2\/types\/page"}],"author":[{"embeddable":true,"href":"https:\/\/payfor.travel\/de\/wp-json\/wp\/v2\/users\/1"}],"replies":[{"embeddable":true,"href":"https:\/\/payfor.travel\/de\/wp-json\/wp\/v2\/comments?post=2328"}],"version-history":[{"count":3,"href":"https:\/\/payfor.travel\/de\/wp-json\/wp\/v2\/pages\/2328\/revisions"}],"predecessor-version":[{"id":2334,"href":"https:\/\/payfor.travel\/de\/wp-json\/wp\/v2\/pages\/2328\/revisions\/2334"}],"wp:attachment":[{"href":"https:\/\/payfor.travel\/de\/wp-json\/wp\/v2\/media?parent=2328"}],"curies":[{"name":"wp","href":"https:\/\/api.w.org\/{rel}","templated":true}]}}